{"id":24,"date":"2020-08-10T09:53:28","date_gmt":"2020-08-10T08:53:28","guid":{"rendered":"http:\/\/www.mmi-institutet.se\/?page_id=24"},"modified":"2023-02-27T09:40:15","modified_gmt":"2023-02-27T09:40:15","slug":"montessorilararutbildning-for-aldrarna-3-6-ar","status":"publish","type":"page","link":"https:\/\/www.mmi-institutet.se\/?page_id=24","title":{"rendered":"Montessoril\u00e4rarutbildning f\u00f6r \u00e5ldrarna 3\u20136 \u00e5r"},"content":{"rendered":"\t\t<div data-elementor-type=\"wp-page\" data-elementor-id=\"24\" class=\"elementor elementor-24\">\n\t\t\t\t\t\t\t\t\t<section class=\"elementor-section elementor-top-section elementor-element elementor-element-054cb78 elementor-section-boxed elementor-section-height-default elementor-section-height-default\" data-id=\"054cb78\" data-element_type=\"section\">\n\t\t\t\t\t\t<div class=\"elementor-container elementor-column-gap-default\">\n\t\t\t\t\t<div class=\"elementor-column elementor-col-100 elementor-top-column elementor-element elementor-element-0a2388a\" data-id=\"0a2388a\" data-element_type=\"column\">\n\t\t\t<div class=\"elementor-widget-wrap elementor-element-populated\">\n\t\t\t\t\t\t\t\t<div class=\"elementor-element elementor-element-293e004 elementor-widget elementor-widget-text-editor\" data-id=\"293e004\" data-element_type=\"widget\" data-widget_type=\"text-editor.default\">\n\t\t\t\t<div class=\"elementor-widget-container\">\n\t\t\t\t\t\t\t<header><p><span style=\"font-size: 16px;\">Det h\u00e4r \u00e4r en utbildning f\u00f6r dig som tror p\u00e5 barns sj\u00e4lvst\u00e4ndighet och inneboende vilja att l\u00e4ra sig. Den ges i samarbete med AMI, Association Montessori Internationale. Efter utbildningen kan du arbeta p\u00e5 montessorif\u00f6rskolor \u00f6ver hela v\u00e4rlden. H\u00e4r kan du l\u00e4sa om utbildningens inneh\u00e5ll, uppl\u00e4gg, examinationer och diplom, om l\u00e4rare och f\u00f6rkunskapskrav.\u00a0<\/span><\/p><\/header><div><h5>Vad g\u00f6r utbildningen speciell?<\/h5><p>Barn p\u00e5 montessorif\u00f6rskolor f\u00e5r sj\u00e4lvst\u00e4ndigt uppt\u00e4cka, utforska och l\u00e4ra sig om sin omv\u00e4rld i en v\u00e4l f\u00f6rberedd och anpassad milj\u00f6. Montessoril\u00e4raren guidar barnen till kunskap, bland annat genom att ge presentationer. P\u00e5 v\u00e5r AMI-utbildning f\u00e5r du de verktyg och metoder du beh\u00f6ver f\u00f6r att bli en kompetent montessoripedagog. Under utbildningen f\u00e5r du till exempel<\/p><ul><li>ett internationellt kontaktn\u00e4t och ett internationellt diplom som g\u00f6r att du b\u00e5de kan arbeta och fortbilda dig \u00f6ver hela v\u00e4rlden djupa teoretiska och praktiska kunskaper om montessoripedagogiken<\/li><li>700 f\u00f6rel\u00e4sningstimmar f\u00f6rdelade p\u00e5 f\u00f6rel\u00e4sningar, presentationer, diskussioner, materialtillverkning och laborativt arbete som g\u00f6r att kunskaperna fastnar<\/li><li>en f\u00f6rst\u00e5else f\u00f6r hur b\u00e5de barn och vuxna utvecklas och vad de beh\u00f6ver<\/li><li>material och manualer som du tar fram sj\u00e4lv f\u00f6r att anv\u00e4nda i ditt arbete.<\/li><\/ul><h5>\u00a0Uppl\u00e4gg<\/h5><p>Utbildningen inneh\u00e5ller f\u00f6rel\u00e4sningar och workshops samt observation och praktik p\u00e5 valfria AMI-godk\u00e4nda montessorif\u00f6rskolor. P\u00e5 f\u00f6rel\u00e4sningarna f\u00e5r du kunskaper om barns utveckling samt dr Montessoris utbildningsmetoder och filosofi f\u00f6r barnuppfostran. P\u00e5 workshopparna f\u00e5r du presentationer av, och praktisk \u00f6vning med, speciellt montessorimaterial. Det \u00e4r med detta som barnen utforskar och l\u00e4r sig om det praktiska livet, matematik och naturkunskap s\u00e5v\u00e4l som om kultur och spr\u00e5k samt utvecklar sin koncentrationsf\u00f6rm\u00e5ga. Under din observation och praktik f\u00e5r du se hur Montessoris filosofi fungerar i praktiken och sj\u00e4lv anv\u00e4nda dina nya kunskaper.<\/p><h5>Internationellt AMI-diplom<\/h5><p>Om du har minst 90 % n\u00e4rvaro och f\u00e5r godk\u00e4nt p\u00e5 alla obligatoriska delar av utbildningen f\u00e5r du ett internationellt AMI-diplom. Det inneb\u00e4r att du kan arbeta p\u00e5 montessorif\u00f6rskolor \u00f6ver hela v\u00e4rlden, eller \u00f6ppna en egen. De obligatoriska delarna \u00e4r:<\/p><ul><li>skriftliga och muntliga prov<\/li><li>observation p\u00e5 montessorif\u00f6rskola<\/li><li>verksamhetsf\u00f6rlagd utbildning (praktik)<\/li><li>uppsatser<\/li><li>egentillverkat montessorimaterial och -handb\u00f6cker.<\/li><\/ul><h5><span style=\"font-size: 1.1em; font-weight: 400;\">F\u00f6rkunskaper<\/span><\/h5><p>Du m\u00e5ste ha gymnasieutbildning samt engelskkunskaper motsvarande engelska B f\u00f6r att g\u00e5 utbildningen. Det \u00e4r meriterande om du ocks\u00e5 har arbetat p\u00e5 en v\u00e4l fungerande montessorif\u00f6rskola eller har en relevant yrkesutbildning, till exempel f\u00f6rskoll\u00e4rare, grundskoll\u00e4rare, l\u00e4kare, sjuksk\u00f6terska eller beteendevetare.<\/p><\/div>\t\t\t\t\t\t<\/div>\n\t\t\t\t<\/div>\n\t\t\t\t\t<\/div>\n\t\t<\/div>\n\t\t\t\t\t\t\t<\/div>\n\t\t<\/section>\n\t\t\t\t\t\t\t<\/div>\n\t\t","protected":false},"excerpt":{"rendered":"<p>Det h\u00e4r \u00e4r en utbildning f\u00f6r dig som tror p\u00e5 barns sj\u00e4lvst\u00e4ndighet och inneboende vilja att l\u00e4ra sig. Den ges i samarbete med AMI, Association Montessori Internationale. Efter utbildningen kan du arbeta p\u00e5 montessorif\u00f6rskolor \u00f6ver hela v\u00e4rlden. H\u00e4r kan du l\u00e4sa om utbildningens inneh\u00e5ll, uppl\u00e4gg, examinationer och diplom, om l\u00e4rare och f\u00f6rkunskapskrav.\u00a0 Vad g\u00f6r utbildningen [&hellip;]<\/p>\n","protected":false},"author":1,"featured_media":0,"parent":0,"menu_order":0,"comment_status":"closed","ping_status":"closed","template":"","meta":{"footnotes":""},"_links":{"self":[{"href":"https:\/\/www.mmi-institutet.se\/index.php?rest_route=\/wp\/v2\/pages\/24"}],"collection":[{"href":"https:\/\/www.mmi-institutet.se\/index.php?rest_route=\/wp\/v2\/pages"}],"about":[{"href":"https:\/\/www.mmi-institutet.se\/index.php?rest_route=\/wp\/v2\/types\/page"}],"author":[{"embeddable":true,"href":"https:\/\/www.mmi-institutet.se\/index.php?rest_route=\/wp\/v2\/users\/1"}],"replies":[{"embeddable":true,"href":"https:\/\/www.mmi-institutet.se\/index.php?rest_route=%2Fwp%2Fv2%2Fcomments&post=24"}],"version-history":[{"count":18,"href":"https:\/\/www.mmi-institutet.se\/index.php?rest_route=\/wp\/v2\/pages\/24\/revisions"}],"predecessor-version":[{"id":96,"href":"https:\/\/www.mmi-institutet.se\/index.php?rest_route=\/wp\/v2\/pages\/24\/revisions\/96"}],"wp:attachment":[{"href":"https:\/\/www.mmi-institutet.se\/index.php?rest_route=%2Fwp%2Fv2%2Fmedia&parent=24"}],"curies":[{"name":"wp","href":"https:\/\/api.w.org\/{rel}","templated":true}]}}